{"id":41,"date":"2019-10-31T17:04:35","date_gmt":"2019-10-31T16:04:35","guid":{"rendered":"http:\/\/elianeaefv.net\/?page_id=41"},"modified":"2025-03-05T17:29:08","modified_gmt":"2025-03-05T16:29:08","slug":"prelistening-to-the-new-record","status":"publish","type":"page","link":"https:\/\/www.elianeaefv.net\/","title":{"rendered":"albums . records"},"content":{"rendered":"\n<h5 class=\"wp-block-heading\">Private wounds<br><em>( Whispers  |  Under acid Light )<\/em><\/h5>\n\n\n\n<h6 class=\"wp-block-heading\"><strong>single track &#8211; 2o24<\/strong><\/h6>\n\n\n\n<p class=\"has-small-font-size\"><em>Private Wounds<\/em> is a blended two tracks in a new improved release version from \u00e6fv. Originally made and compose to the record label Powdered Hearts in January 2o24 alongside 25 greats musicians for the &#8220;<a href=\"https:\/\/powderedheartsrecords.bandcamp.com\/album\/powdered-hearts-50\">Powdered Hearts 50<\/a>&#8220;, a nice Digital Sampler.<\/p>\n\n\n\n<ul class=\"wp-block-list\">\n<li class=\"has-small-font-size\">All tracks by \u00e6fv: synths, electronics, field recording, voice and guitar.<\/li>\n\n\n\n<li class=\"has-small-font-size\">Special thanks to Jon Sheffield.<\/li>\n\n\n\n<li class=\"has-small-font-size\">Guitar line written by David Fabre, thanks.<\/li>\n\n\n\n<li class=\"has-small-font-size\">Artwork by \u00c9liane Blaise.<\/li>\n<\/ul>\n\n\n<p><iframe style=\"border: 0; width: 350px; height: 522px;\" src=\"https:\/\/bandcamp.com\/EmbeddedPlayer\/album=651738127\/size=large\/bgcol=ffffff\/linkcol=63b2cc\/transparent=true\/\" seamless><a href=\"https:\/\/aefv.bandcamp.com\/album\/private-wounds\">private wounds by \u00e6fv<\/a><\/iframe><\/p>\n\n\n\n<hr class=\"wp-block-separator has-alpha-channel-opacity\"\/>\n\n\n\n<p> <br>\u062e\u200b\u200b\u200b\u0644\u200b\u200b\u200b\u0642 \u0648 \u062e\u200b\u200b\u200b\u0648\u200b\u200b\u200b\u06cc \u0647\u200b\u200b\u200b\u0645\u200b\u200b\u200b\u0627\u200b\u200b\u200b\u0647\u200b\u200b\u200b\u0646\u200b\u200b\u200b\u06af<\/p>\n\n\n\n<h5 class=\"wp-block-heading\"><em>\u201c<\/em> <em>ejmal moodegi <\/em>\u201e<br><strong>single <\/strong>&#8211; 2o23<\/h5>\n\n\n\n<p class=\"has-small-font-size\">Official release in January 2o23<br>label &#8221; MMLI &#8221; [ ref.: unracourcid&#8217;atome ]<\/p>\n\n\n\n<p class=\"has-small-font-size\">ejmal moodegi by <a href=\"https:\/\/aefv.bandcamp.com\">\u00e6<\/a><a href=\"https:\/\/aefv.bandcamp.com\" target=\"_blank\" rel=\"noreferrer noopener\">fv<\/a>   &#8211;   2 tracks + bonus download   &#8211;   33 RPM   &#8211;   7 inch   &#8211;   onesided lathecut flexi vinyl   &#8211;   MMLI 2o23<\/p>\n\n\n\n<p class=\"has-small-font-size\">Playable onesided lathecut flexi postcard @33 1\/3 rpm<br>Comes with one pretty little silver badge.<\/p>\n\n\n<p><iframe style=\"border: 0; width: 350px; height: 555px;\" src=\"https:\/\/bandcamp.com\/EmbeddedPlayer\/album=3712321443\/size=large\/bgcol=ffffff\/linkcol=0687f5\/transparent=true\/\" seamless><a href=\"https:\/\/aefv.bandcamp.com\/album\/-\">\u062e\u200b\u0644\u200b\u0642 \u0648 \u062e\u200b\u0648\u200b\u06cc \u0647\u200b\u0645\u200b\u0627\u200b\u0647\u200b\u0646\u200b\u06af by \u00e6fv<\/a><\/iframe><\/p>\n\n\n\n<p class=\"has-small-font-size\">\u062e\u0644\u0642 \u0648 \u062e\u0648\u06cc \u0647\u0645\u0627\u0647\u0646\u06af<br>which can be pronounced : [ ejmal moodegi in persian ]<br>and means approximately<br>weave an abstract bond<br>( in sum or synopsis )<br>between different moods\u00bb,<br>in two words:  \u201c<em>synchronized mood<\/em>\u201d<\/p>\n\n\n\n<hr class=\"wp-block-separator has-alpha-channel-opacity\"\/>\n\n\n\n<h5 class=\"wp-block-heading\">Golden Strings<\/h5>\n\n\n\n<h6 class=\"wp-block-heading\"><strong>single track <\/strong>&#8211; 2o22 &#8211; <strong>by EdH &amp; \u00e6fv<\/strong><br><strong>from the album <em>\u201c <a href=\"https:\/\/edhsongs.bandcamp.com\/album\/doomed-aliz\" target=\"_blank\" rel=\"noreferrer noopener\">Doomed Aliz\u00e9<\/a> \u201e<\/em> by Ed<\/strong>H<\/h6>\n\n\n\n<p><\/p>\n\n\n\n<p class=\"has-small-font-size\">Golden Strings \/ Doomed Aliz\u00e9 by EdH x <a href=\"https:\/\/aefv.bandcamp.com\">\u00e6<\/a><a href=\"https:\/\/aefv.bandcamp.com\" target=\"_blank\" rel=\"noreferrer noopener\">fv<\/a>   &#8211;   11 tracks + bonus    &#8211;   Digital + 33 RPM   &#8211;<br>   7 inch lathecut flexi vinyl   &#8211;   Powdered Hearts 2o22<\/p>\n\n\n\n<p class=\"has-small-font-size\"><\/p>\n\n\n\n<blockquote class=\"wp-block-quote has-small-font-size is-layout-flow wp-block-quote-is-layout-flow\">\n<p>Words about <em>Doomed Aliz\u00e9<\/em> <\/p>\n<cite>All tracks are composed by EdH.<br>\u00e6fv plays cello on \u00ab Golden string \u00bb.<br>She has also carefully mixed and masterized<br>every tracks of Doomed Aliz\u00e9.<\/cite><\/blockquote>\n\n\n<p><iframe style=\"border: 0; width: 350px; height: 442px;\" src=\"https:\/\/bandcamp.com\/EmbeddedPlayer\/track=3859995956\/size=large\/bgcol=333333\/linkcol=9a64ff\/tracklist=false\/transparent=true\/\" seamless><a href=\"https:\/\/aefv.bandcamp.com\/track\/golden-strings\">Golden Strings by EdH &amp; \u00e6fv<\/a><\/iframe><\/p>\n\n\n\n<hr class=\"wp-block-separator has-alpha-channel-opacity\"\/>\n\n\n\n<h5 class=\"wp-block-heading\">Drowned Mermaids<\/h5>\n\n\n\n<h5 class=\"wp-block-heading\"><strong>album <\/strong>&#8211; 2o2o<\/h5>\n\n\n\n<p><\/p>\n\n\n\n<p class=\"has-small-font-size\">Official release in February 2020<br>netlabel &#8221; Nostalgie de la boue &#8221; [ ref.: ndlb#142 ]              <\/p>\n\n\n<p><iframe style=\"border: 0; width: 350px; height: 621px;\" src=\"https:\/\/bandcamp.com\/EmbeddedPlayer\/album=2237586142\/size=large\/bgcol=333333\/linkcol=e99708\/transparent=true\/\" seamless=\"\"><a href=\"https:\/\/aefv.bandcamp.com\/album\/drowned-mermaids\">Drowned Mermaids by aefv \/ \u01fdfv<\/a><\/iframe><\/p>\n\n\n\n<p><em>You also can read two nice chronicles about my album.<\/em><\/p>\n\n\n\n<ul class=\"wp-block-list\">\n<li>&#8220;<a rel=\"noreferrer noopener\" href=\"https:\/\/www.citizenjazz.com\/Eliane-Blaise-Drowned-Mermaids.html\" target=\"_blank\">Rencontre avec une Sir\u00e8ne du violoncelle<\/a>&#8221; by Alice Leclercq. <br>Citizen Jazz Magasine &#8211; June 2o2o.<br><\/li>\n\n\n\n<li>By  Obsk\u00fcre Digital Media &#8211; April 2o2o.<\/li>\n<\/ul>\n\n\n\n<figure class=\"wp-block-image size-large is-resized\"><img loading=\"lazy\" decoding=\"async\" width=\"515\" height=\"805\" src=\"https:\/\/elianeaefv.net\/wp-content\/uploads\/2021\/06\/Obskure-drowned-mermaids.jpg\" alt=\"\" class=\"wp-image-102\" style=\"width:258px;height:403px\" srcset=\"https:\/\/elianeaefv.net\/wp-content\/uploads\/2021\/06\/Obskure-drowned-mermaids.jpg 515w, https:\/\/elianeaefv.net\/wp-content\/uploads\/2021\/06\/Obskure-drowned-mermaids-192x300.jpg 192w\" sizes=\"auto, (max-width: 515px) 100vw, 515px\" \/><\/figure>\n\n\n\n<hr class=\"wp-block-separator has-text-color has-black-color has-css-opacity has-black-background-color has-background is-style-wide\"\/>\n\n\n\n<h5 class=\"wp-block-heading\">WestWorld S.3 E.5 Contest<\/h5>\n\n\n\n<p>During the first lockdown in 2o2o, Spitfire Audio and HBO offer an exciting contest and chanllenge to score a chase sequence\\ scene from Westworld. This is my proposal. <br>Whit the courtesy of HBO &amp; Spitfire Audio.<\/p>\n\n\n<p><iframe loading=\"lazy\" src=\"https:\/\/www.youtube.com\/embed\/1Ul9JqYVX6w\" title=\"YouTube video player\" allow=\"accelerometer; autoplay; clipboard-write; encrypted-media; gyroscope; picture-in-picture\" allowfullscreen=\"\" width=\"560\" height=\"315\" frameborder=\"0\"><\/iframe><\/p>\n\n\n\n<p class=\"has-small-font-size\">\u00a9 Video sequence by HBO<br>\u00a9 Music Score by \u00e9liane blaise<\/p>\n\n\n\n<hr class=\"wp-block-separator has-css-opacity is-style-wide\"\/>\n\n\n\n<h5 class=\"wp-block-heading\">terminal B. each (lyrics)<\/h5>\n\n\n\n<p>In 2o18 I was happy to collaborate with Douce \/ Froide for her album on <em>Douce\/Froide<\/em>, to wrote lyrics for two songs for her: <em>&#8220;terminal B.each&#8221;<\/em> and <em>&#8220;Imp\u00e9n\u00e9trabilit\u00e9 fantomatique&#8221;<\/em><strong>.<\/strong> <br>Douce\/Froide is a french musician, Paris based, under electronic, french pop, synthpop and synthwave music.<\/p>\n\n\n<p><iframe style=\"border: 0; width: 100%; height: 42px;\" src=\"https:\/\/bandcamp.com\/EmbeddedPlayer\/album=1805596456\/size=small\/bgcol=333333\/linkcol=e99708\/track=1988621354\/transparent=true\/\" seamless=\"\"><a href=\"https:\/\/doucefroide.bandcamp.com\/album\/douce-froide\">Douce\/Froide by Douce Froide<\/a><\/iframe><\/p>\n\n\n<p><iframe style=\"border: 0; width: 100%; height: 42px;\" src=\"https:\/\/bandcamp.com\/EmbeddedPlayer\/album=1805596456\/size=small\/bgcol=333333\/linkcol=e99708\/track=444253744\/transparent=true\/\" seamless=\"\"><a href=\"https:\/\/doucefroide.bandcamp.com\/album\/douce-froide\">Douce\/Froide by Douce Froide<\/a><\/iframe><\/p>\n\n\n\n<hr class=\"wp-block-separator has-text-color has-black-color has-css-opacity has-black-background-color has-background is-style-wide\"\/>\n\n\n\n<h5 class=\"wp-block-heading\">Manquante<br><\/h5>\n\n\n\n<p><strong>Cinqui\u00e8me et parall\u00e8le feelmix by \u00e9liane blaise \/ \u00e6<em>f<\/em>v<\/strong> &#8211; 2o16<\/p>\n\n\n\n<p>At the end of the year 2o15, Evaporation Sonore <em>aka<\/em> Fille du calvaire, sent me some Sound Material from Hano\u00ef, Viet Nam, to create-make a kind remix of her soundcards from there, for her album \u00c9vaporation.<\/p>\n\n\n<p><iframe loading=\"lazy\" src=\"https:\/\/www.mixcloud.com\/widget\/iframe\/?hide_cover=1&amp;feed=%2Fcartepostalesonore%2Fmanquante-%C3%A9vaporation-hano%C3%AF-carte-cinqui%C3%A8me-et-parall%C3%A8le%2F\" width=\"100%\" height=\"120\" frameborder=\"0\"><\/iframe><\/p>\n\n\n\n<p class=\"has-small-font-size\">Telle la rencontre de l\u2019asphalte avec la pluie, une difficult\u00e9 \u00e0 faire se rejoindre le<br>naturalisme et le post-modernisme dans un m\u00eame espace coercitif \u00e9merge \u00e0<br>l\u2019\u00e9margement de cette zone telle une sorte de catastrophe !<br>Mais\u2026 comment lui parviendrait les ondes de ce monde, d\u2019un monde, peut-\u00eatre<br>autre, si alors, sans souvenirs, enferm\u00e9e dans une probable salle<br>(\u2026), sans plus d\u2019\u00e9nergie \u00e0 pourvoir suppl\u00e9er aux machines l\u2019encerclant, si<br>tout dans ce monde eut cess\u00e9 de pulser ? Un r\u00e9cepteur (\u2026) diffuse en continu des ondes capt\u00e9es, \u00e9parses, essaim\u00e9es (\u2026) de ce qui fut. Seuls des courants magn\u00e9tiques ondoient dans de longues plaines \u00e9vid\u00e9es, de tout ! Le vent magn\u00e9tique aurait tout emport\u00e9. Ces ondes seraient alors, dans ces flux ayant enceint l\u2019ensemble des \u201cchoses,, et \u201cpr\u00e9sences\u201e [\u2026], telles les traces, survivances d\u2019une \u00ab tradition orale \u00bb des vestiges de la pens\u00e9e et pr\u00e9sence humaine.<\/p>\n\n\n\n<p class=\"has-small-font-size\"><br>\u00e9liane blaise &#8211; Creative commons &#8211; 2016<\/p>\n\n\n\n<hr class=\"wp-block-separator has-text-color has-black-color has-css-opacity has-black-background-color has-background is-style-wide\"\/>\n\n\n\n<h5 class=\"wp-block-heading\"><em>intimae in micro circum polaris (edit. \u00b5 reducere)<\/em> ~ <em>Fray\u00e9e<\/em><\/h5>\n\n\n\n<p>A score dedicated to a french compilation <em>Rien Ni Personne<\/em>, in 2o15.<br>Nostalgie de la Boue [ndlb#80], France\/ Ivory Coast<\/p>\n\n\n<p><iframe style=\"border: 0; width: 100%; height: 120px;\" src=\"https:\/\/bandcamp.com\/EmbeddedPlayer\/album=3927676664\/size=large\/bgcol=333333\/linkcol=e99708\/tracklist=false\/artwork=small\/track=2996319440\/transparent=true\/\" seamless=\"\"><a href=\"https:\/\/nostalgiedelaboue.bandcamp.com\/album\/rien-ni-personne-a-french-compilation\">Rien Ni Personne ~a french compilation by Various Artists<\/a><\/iframe><\/p>\n\n\n\n<hr class=\"wp-block-separator has-text-color has-black-color has-css-opacity has-black-background-color has-background is-style-wide\"\/>\n\n\n\n<h5 class=\"wp-block-heading\">f r a g i l i t y<br>( Triptyque miniature d&#8217;une botanique pour vents, eaux et une nuit )<\/h5>\n\n\n\n<p>A fragile Field Recording track dedicated and created for the World Listening Day in 2o14 to <br>SONIC TERRAIN&#8217;s compilation <em>f r a g i l i t y<\/em>.<br>Sonic Terrain [STR 012], Colombia.<\/p>\n\n\n<p><iframe style=\"border: 0; width: 350px; height: 522px;\" src=\"https:\/\/bandcamp.com\/EmbeddedPlayer\/album=1774757959\/size=large\/bgcol=ffffff\/linkcol=63b2cc\/transparent=true\/\" seamless><a href=\"https:\/\/aefv.bandcamp.com\/album\/f-r-a-g-i-l-i-t-y\">f r a g i l i t y by \u00e6fv<\/a><\/iframe><\/p>\n","protected":false},"excerpt":{"rendered":"<p>Private wounds( Whispers | Under acid Light ) single track &#8211; 2o24 Private Wounds is a blended two tracks in a new improved release version from \u00e6fv. Originally made and compose to the record label Powdered Hearts in January 2o24 alongside 25 greats musicians for the &#8220;Powdered Hearts 50&#8220;, a nice Digital Sampler. \u062e\u200b\u200b\u200b\u0644\u200b\u200b\u200b\u0642 \u0648 \u062e\u200b\u200b\u200b\u0648\u200b\u200b\u200b\u06cc \u0647\u200b\u200b\u200b\u0645\u200b\u200b\u200b\u0627\u200b\u200b\u200b\u0647\u200b\u200b\u200b\u0646\u200b\u200b\u200b\u06af \u201c ejmal moodegi \u201esingle &#8211; 2o23 Official release in January 2o23label &#8221; MMLI &#8221; [ ref.: unracourcid&#8217;atome ] ejmal moodegi by \u00e6fv &#8211; 2 tracks + bonus download &#8211; 33 RPM &#8211; 7 inch &#8211; onesided lathecut flexi vinyl &#8211; MMLI 2o23 Playable onesided lathecut flexi postcard @33 1\/3 rpmComes with one pretty little silver badge. \u062e\u0644\u0642 \u0648 \u062e\u0648\u06cc \u0647\u0645\u0627\u0647\u0646\u06afwhich can be pronounced : [ ejmal moodegi in persian ]and means approximatelyweave an abstract bond( in sum or synopsis )between different moods\u00bb,in two words: \u201csynchronized mood\u201d Golden Strings single track &#8211; 2o22 &#8211; by EdH &amp; \u00e6fvfrom the album \u201c Doomed Aliz\u00e9 \u201e by EdH Golden Strings \/ Doomed Aliz\u00e9 by EdH x \u00e6fv &#8211; 11 tracks + bonus &#8211; Digital + 33 RPM &#8211; 7 inch lathecut flexi vinyl &#8211; Powdered Hearts 2o22 Words about Doomed Aliz\u00e9 All tracks are composed by EdH.\u00e6fv plays cello on \u00ab Golden string \u00bb.She has also carefully mixed and masterizedevery tracks of Doomed Aliz\u00e9. Drowned Mermaids album &#8211; 2o2o Official release in February 2020netlabel &#8221; Nostalgie de la boue &#8221; [ ref.: ndlb#142 ] You also can read two nice chronicles about my album. WestWorld S.3 E.5 Contest During the first lockdown in 2o2o, Spitfire Audio and HBO offer an exciting contest and chanllenge to score a chase sequence\\ scene from Westworld. This is my proposal. Whit the courtesy of HBO &amp; Spitfire Audio. \u00a9 Video sequence by HBO\u00a9 Music Score by \u00e9liane blaise terminal B. each (lyrics) In 2o18 I was happy to collaborate with Douce \/ Froide for her album on Douce\/Froide, to wrote lyrics for two songs for her: &#8220;terminal B.each&#8221; and &#8220;Imp\u00e9n\u00e9trabilit\u00e9 fantomatique&#8221;. Douce\/Froide is a french musician, Paris based, under electronic, french pop, synthpop and synthwave music. Manquante Cinqui\u00e8me et parall\u00e8le feelmix by \u00e9liane blaise \/ \u00e6fv &#8211; 2o16 At the end of the year 2o15, Evaporation Sonore aka Fille du calvaire, sent me some Sound Material from Hano\u00ef, Viet Nam, to create-make a kind remix of her soundcards from there, for her album \u00c9vaporation. Telle la rencontre de l\u2019asphalte avec la pluie, une difficult\u00e9 \u00e0 faire se rejoindre lenaturalisme et le post-modernisme dans un m\u00eame espace coercitif \u00e9merge \u00e0l\u2019\u00e9margement de cette zone telle une sorte de catastrophe !Mais\u2026 comment lui parviendrait les ondes de ce monde, d\u2019un monde, peut-\u00eatreautre, si alors, sans souvenirs, enferm\u00e9e dans une probable salle(\u2026), sans plus d\u2019\u00e9nergie \u00e0 pourvoir suppl\u00e9er aux machines l\u2019encerclant, sitout dans ce monde eut cess\u00e9 de pulser ? Un r\u00e9cepteur (\u2026) diffuse en continu des ondes capt\u00e9es, \u00e9parses, essaim\u00e9es (\u2026) de ce qui fut. Seuls des courants magn\u00e9tiques ondoient dans de longues plaines \u00e9vid\u00e9es, de tout ! Le vent magn\u00e9tique aurait tout emport\u00e9. Ces ondes seraient alors, dans ces flux ayant enceint l\u2019ensemble des \u201cchoses,, et \u201cpr\u00e9sences\u201e [\u2026], telles les traces, survivances d\u2019une \u00ab tradition orale \u00bb des vestiges de la pens\u00e9e et pr\u00e9sence humaine. \u00e9liane blaise &#8211; Creative commons &#8211; 2016 intimae in micro circum polaris (edit. \u00b5 reducere) ~ Fray\u00e9e A score dedicated to a french compilation Rien Ni Personne, in 2o15.Nostalgie de la Boue [ndlb#80], France\/ Ivory Coast f r a g i l i t y( Triptyque miniature d&#8217;une botanique pour vents, eaux et une nuit ) A fragile Field Recording track dedicated and created for the World Listening Day in 2o14 to SONIC TERRAIN&#8217;s compilation f r a g i l i t y.Sonic Terrain [STR 012], Colombia.<\/p>\n","protected":false},"author":1,"featured_media":267,"parent":0,"menu_order":0,"comment_status":"closed","ping_status":"closed","template":"","meta":{"footnotes":""},"class_list":["post-41","page","type-page","status-publish","has-post-thumbnail","hentry"],"_links":{"self":[{"href":"https:\/\/www.elianeaefv.net\/index.php?rest_route=\/wp\/v2\/pages\/41","targetHints":{"allow":["GET"]}}],"collection":[{"href":"https:\/\/www.elianeaefv.net\/index.php?rest_route=\/wp\/v2\/pages"}],"about":[{"href":"https:\/\/www.elianeaefv.net\/index.php?rest_route=\/wp\/v2\/types\/page"}],"author":[{"embeddable":true,"href":"https:\/\/www.elianeaefv.net\/index.php?rest_route=\/wp\/v2\/users\/1"}],"replies":[{"embeddable":true,"href":"https:\/\/www.elianeaefv.net\/index.php?rest_route=%2Fwp%2Fv2%2Fcomments&post=41"}],"version-history":[{"count":60,"href":"https:\/\/www.elianeaefv.net\/index.php?rest_route=\/wp\/v2\/pages\/41\/revisions"}],"predecessor-version":[{"id":400,"href":"https:\/\/www.elianeaefv.net\/index.php?rest_route=\/wp\/v2\/pages\/41\/revisions\/400"}],"wp:featuredmedia":[{"embeddable":true,"href":"https:\/\/www.elianeaefv.net\/index.php?rest_route=\/wp\/v2\/media\/267"}],"wp:attachment":[{"href":"https:\/\/www.elianeaefv.net\/index.php?rest_route=%2Fwp%2Fv2%2Fmedia&parent=41"}],"curies":[{"name":"wp","href":"https:\/\/api.w.org\/{rel}","templated":true}]}}